{"id":1227,"date":"2023-09-06T16:16:53","date_gmt":"2023-09-06T14:16:53","guid":{"rendered":"https:\/\/hm-essbar.de\/our-menu\/"},"modified":"2026-04-12T16:02:04","modified_gmt":"2026-04-12T14:02:04","slug":"our-menu","status":"publish","type":"page","link":"https:\/\/hm-essbar.de\/en\/our-menu\/","title":{"rendered":"Our menu"},"content":{"rendered":"\t\t<div data-elementor-type=\"wp-page\" data-elementor-id=\"1227\" class=\"elementor elementor-1227 elementor-418\" data-elementor-post-type=\"page\">\n\t\t\t\t\t\t<div class=\"elementor-inner\">\n\t\t\t\t<div class=\"elementor-section-wrap\">\n\t\t\t\t\t\t\t\t\t<section class=\"elementor-section elementor-top-section elementor-element elementor-element-625af974 elementor-section-full_width elementor-section-content-middle elementor-section-height-default elementor-section-height-default\" data-id=\"625af974\" data-element_type=\"section\">\n\t\t\t\t\t\t<div class=\"elementor-container elementor-column-gap-no\">\n\t\t\t\t\t\t\t<div class=\"elementor-row\">\n\t\t\t\t\t<div class=\"elementor-column elementor-col-50 elementor-top-column elementor-element elementor-element-27f6b9b\" data-id=\"27f6b9b\" data-element_type=\"column\" data-settings=\"{&quot;background_background&quot;:&quot;classic&quot;,&quot;background_motion_fx_motion_fx_scrolling&quot;:&quot;yes&quot;,&quot;background_motion_fx_translateX_effect&quot;:&quot;yes&quot;,&quot;background_motion_fx_translateX_speed&quot;:{&quot;unit&quot;:&quot;px&quot;,&quot;size&quot;:1,&quot;sizes&quot;:[]},&quot;background_motion_fx_translateX_affectedRange&quot;:{&quot;unit&quot;:&quot;%&quot;,&quot;size&quot;:&quot;&quot;,&quot;sizes&quot;:{&quot;start&quot;:0,&quot;end&quot;:100}},&quot;background_motion_fx_devices&quot;:[&quot;desktop&quot;,&quot;tablet&quot;,&quot;mobile&quot;]}\">\n\t\t\t<div class=\"elementor-column-wrap elementor-element-populated\">\n\t\t\t\t\t\t\t<div class=\"elementor-widget-wrap\">\n\t\t\t\t\t\t<div class=\"elementor-element elementor-element-7794f588 elementor-widget elementor-widget-image\" data-id=\"7794f588\" data-element_type=\"widget\" data-widget_type=\"image.default\">\n\t\t\t\t<div class=\"elementor-widget-container\">\n\t\t\t\t\t\t\t\t<div class=\"elementor-image\">\n\t\t\t\t\t\t\t\t\t\t\t\t<img loading=\"lazy\" decoding=\"async\" width=\"1280\" height=\"853\" src=\"https:\/\/hm-essbar.de\/wp-content\/uploads\/2023\/08\/Essbar-StephanSchaar-8-jpg.jpg\" class=\"attachment-1536x1536 size-1536x1536 wp-image-242\" alt=\"\" srcset=\"https:\/\/hm-essbar.de\/wp-content\/uploads\/2023\/08\/Essbar-StephanSchaar-8-jpg.jpg 1280w, https:\/\/hm-essbar.de\/wp-content\/uploads\/2023\/08\/Essbar-StephanSchaar-8-jpg-300x200.jpg 300w, https:\/\/hm-essbar.de\/wp-content\/uploads\/2023\/08\/Essbar-StephanSchaar-8-jpg-1024x682.jpg 1024w, https:\/\/hm-essbar.de\/wp-content\/uploads\/2023\/08\/Essbar-StephanSchaar-8-jpg-768x512.jpg 768w\" sizes=\"auto, (max-width: 1280px) 100vw, 1280px\" \/>\t\t\t\t\t\t\t\t\t\t\t\t\t\t<\/div>\n\t\t\t\t\t\t<\/div>\n\t\t\t\t<\/div>\n\t\t\t\t\t\t<\/div>\n\t\t\t\t\t<\/div>\n\t\t<\/div>\n\t\t\t\t<div class=\"elementor-column elementor-col-50 elementor-top-column elementor-element elementor-element-40e7090f\" data-id=\"40e7090f\" data-element_type=\"column\">\n\t\t\t<div class=\"elementor-column-wrap elementor-element-populated\">\n\t\t\t\t\t\t\t<div class=\"elementor-widget-wrap\">\n\t\t\t\t\t\t<div class=\"elementor-element elementor-element-e82eae9 elementor-widget__width-inherit elementor-invisible elementor-widget elementor-widget-heading\" data-id=\"e82eae9\" data-element_type=\"widget\" data-settings=\"{&quot;_animation&quot;:&quot;fadeIn&quot;}\" data-widget_type=\"heading.default\">\n\t\t\t\t<div class=\"elementor-widget-container\">\n\t\t\t<h1 class=\"elementor-heading-title elementor-size-default\">Varied enjoyment - just the way you like it<\/h1>\t\t<\/div>\n\t\t\t\t<\/div>\n\t\t\t\t<div class=\"elementor-element elementor-element-ce6b28a elementor-invisible elementor-widget elementor-widget-text-editor\" data-id=\"ce6b28a\" data-element_type=\"widget\" data-settings=\"{&quot;_animation&quot;:&quot;fadeInDown&quot;,&quot;_animation_delay&quot;:300}\" data-widget_type=\"text-editor.default\">\n\t\t\t\t<div class=\"elementor-widget-container\">\n\t\t\t\t\t\t\t\t<div class=\"elementor-text-editor elementor-clearfix\">\n\t\t\t\t<p>We are not a vegetarian or vegan restaurant, but we always try to provide vegetarian\/vegan dishes on the menu for you. In addition, many dishes are also possible vegetarian , because the main components such as meat  fish are added only at the end.<\/p>\n<p>Talk to us about it on the spot, as well as certain allergies.<\/p>\n<p>We can certainly help!<\/p>\n\t\t\t\t\t<\/div>\n\t\t\t\t\t\t<\/div>\n\t\t\t\t<\/div>\n\t\t\t\t<div class=\"elementor-element elementor-element-26287ef elementor-tablet-align-center elementor-invisible elementor-widget elementor-widget-button\" data-id=\"26287ef\" data-element_type=\"widget\" data-settings=\"{&quot;_animation&quot;:&quot;fadeInDown&quot;,&quot;_animation_delay&quot;:600}\" data-widget_type=\"button.default\">\n\t\t\t\t<div class=\"elementor-widget-container\">\n\t\t\t\t\t<div class=\"elementor-button-wrapper\">\n\t\t\t<a class=\"elementor-button elementor-button-link elementor-size-sm elementor-animation-wobble-horizontal\" href=\"https:\/\/hm-essbar.de\/wp-content\/uploads\/Aktuelle-Karte-Menue-Neu-1-Champagner-1.pdf\" target=\"_blank\">\n\t\t\t\t\t\t<span class=\"elementor-button-content-wrapper\">\n\t\t\t\t\t\t<span class=\"elementor-button-text\">Our menu<\/span>\n\t\t<\/span>\n\t\t\t\t\t<\/a>\n\t\t<\/div>\n\t\t\t\t<\/div>\n\t\t\t\t<\/div>\n\t\t\t\t\t\t<\/div>\n\t\t\t\t\t<\/div>\n\t\t<\/div>\n\t\t\t\t\t\t\t\t<\/div>\n\t\t\t\t\t<\/div>\n\t\t<\/section>\n\t\t\t\t<section class=\"elementor-section elementor-top-section elementor-element elementor-element-7b0d6978 elementor-section-boxed elementor-section-height-default elementor-section-height-default\" data-id=\"7b0d6978\" data-element_type=\"section\" id=\"the-menu\" data-settings=\"{&quot;background_background&quot;:&quot;classic&quot;}\">\n\t\t\t\t\t\t<div class=\"elementor-container elementor-column-gap-narrow\">\n\t\t\t\t\t\t\t<div class=\"elementor-row\">\n\t\t\t\t\t<div class=\"elementor-column elementor-col-50 elementor-top-column elementor-element elementor-element-3a103cb4\" data-id=\"3a103cb4\" data-element_type=\"column\">\n\t\t\t<div class=\"elementor-column-wrap elementor-element-populated\">\n\t\t\t\t\t\t\t<div class=\"elementor-widget-wrap\">\n\t\t\t\t\t\t<div class=\"elementor-element elementor-element-1219db4e elementor-cta--skin-cover elementor-cta--valign-middle elementor-animated-content elementor-bg-transform elementor-bg-transform-zoom-in elementor-widget elementor-widget-call-to-action\" data-id=\"1219db4e\" data-element_type=\"widget\" data-widget_type=\"call-to-action.default\">\n\t\t\t\t<div class=\"elementor-widget-container\">\n\t\t\t\t\t<a class=\"elementor-cta\" href=\"https:\/\/hm-essbar.de\/wp-content\/uploads\/Aktuelle-Karte-Menue-Neu-1-Champagner-1.pdf\" target=\"_blank\">\n\t\t\t\t\t<div class=\"elementor-cta__bg-wrapper\">\n\t\t\t\t<div class=\"elementor-cta__bg elementor-bg\" style=\"background-image: url(https:\/\/hm-essbar.de\/wp-content\/uploads\/2023\/08\/EssBar-fein-pfiffig-EssBar-Foto-by-Sascha-Perrone-17-png.jpg);\" role=\"img\" aria-label=\"EssBar-fein-pfiffig-EssBar-Foto-by-Sascha-Perrone-17-png\"><\/div>\n\t\t\t\t<div class=\"elementor-cta__bg-overlay\"><\/div>\n\t\t\t<\/div>\n\t\t\t\t\t\t\t<div class=\"elementor-cta__content\">\n\t\t\t\t\n\t\t\t\t\t\t\t\t\t<h1 class=\"elementor-cta__title elementor-cta__content-item elementor-content-item elementor-animated-item--grow\">\n\t\t\t\t\t\tFood Menu\t\t\t\t\t<\/h1>\n\t\t\t\t\n\t\t\t\t\n\t\t\t\t\t\t\t<\/div>\n\t\t\t\t\t\t<\/a>\n\t\t\t\t<\/div>\n\t\t\t\t<\/div>\n\t\t\t\t\t\t<\/div>\n\t\t\t\t\t<\/div>\n\t\t<\/div>\n\t\t\t\t<div class=\"elementor-column elementor-col-50 elementor-top-column elementor-element elementor-element-1cfb89ea\" data-id=\"1cfb89ea\" data-element_type=\"column\">\n\t\t\t<div class=\"elementor-column-wrap elementor-element-populated\">\n\t\t\t\t\t\t\t<div class=\"elementor-widget-wrap\">\n\t\t\t\t\t\t<div class=\"elementor-element elementor-element-4753d012 elementor-cta--skin-cover elementor-cta--valign-middle elementor-animated-content elementor-bg-transform elementor-bg-transform-zoom-in elementor-widget elementor-widget-call-to-action\" data-id=\"4753d012\" data-element_type=\"widget\" data-widget_type=\"call-to-action.default\">\n\t\t\t\t<div class=\"elementor-widget-container\">\n\t\t\t\t\t<a class=\"elementor-cta\" href=\"https:\/\/hm-essbar.de\/wp-content\/uploads\/Weinkarte-1.pdf\" target=\"_blank\">\n\t\t\t\t\t<div class=\"elementor-cta__bg-wrapper\">\n\t\t\t\t<div class=\"elementor-cta__bg elementor-bg\" style=\"background-image: url(https:\/\/hm-essbar.de\/wp-content\/uploads\/wine-is-poured-from-a-bottle-in-glass-on-wooden-ta-202.jpg);\" role=\"img\" aria-label=\"wine-is-poured-from-a-bottle-in-glass-on-wooden-ta-202\"><\/div>\n\t\t\t\t<div class=\"elementor-cta__bg-overlay\"><\/div>\n\t\t\t<\/div>\n\t\t\t\t\t\t\t<div class=\"elementor-cta__content\">\n\t\t\t\t\n\t\t\t\t\t\t\t\t\t<h1 class=\"elementor-cta__title elementor-cta__content-item elementor-content-item elementor-animated-item--grow\">\n\t\t\t\t\t\tWine Menu\t\t\t\t\t<\/h1>\n\t\t\t\t\n\t\t\t\t\n\t\t\t\t\t\t\t<\/div>\n\t\t\t\t\t\t<\/a>\n\t\t\t\t<\/div>\n\t\t\t\t<\/div>\n\t\t\t\t\t\t<\/div>\n\t\t\t\t\t<\/div>\n\t\t<\/div>\n\t\t\t\t\t\t\t\t<\/div>\n\t\t\t\t\t<\/div>\n\t\t<\/section>\n\t\t\t\t<section class=\"elementor-section elementor-top-section elementor-element elementor-element-1fa8fa26 elementor-section-boxed elementor-section-height-default elementor-section-height-default\" data-id=\"1fa8fa26\" data-element_type=\"section\">\n\t\t\t\t\t\t<div class=\"elementor-container elementor-column-gap-default\">\n\t\t\t\t\t\t\t<div class=\"elementor-row\">\n\t\t\t\t\t<div class=\"elementor-column elementor-col-100 elementor-top-column elementor-element elementor-element-1268b502\" data-id=\"1268b502\" data-element_type=\"column\">\n\t\t\t<div class=\"elementor-column-wrap elementor-element-populated\">\n\t\t\t\t\t\t\t<div class=\"elementor-widget-wrap\">\n\t\t\t\t\t\t<div class=\"elementor-element elementor-element-58356e7 elementor-align-center elementor-invisible elementor-widget elementor-widget-button\" data-id=\"58356e7\" data-element_type=\"widget\" data-settings=\"{&quot;_animation&quot;:&quot;fadeInDown&quot;,&quot;_animation_delay&quot;:600}\" data-widget_type=\"button.default\">\n\t\t\t\t<div class=\"elementor-widget-container\">\n\t\t\t\t\t<div class=\"elementor-button-wrapper\">\n\t\t\t<a class=\"elementor-button elementor-button-link elementor-size-sm elementor-animation-wobble-horizontal\" href=\"https:\/\/hm-essbar.de\/#reservation-anchor\">\n\t\t\t\t\t\t<span class=\"elementor-button-content-wrapper\">\n\t\t\t\t\t\t<span class=\"elementor-button-text\">Reservation<\/span>\n\t\t<\/span>\n\t\t\t\t\t<\/a>\n\t\t<\/div>\n\t\t\t\t<\/div>\n\t\t\t\t<\/div>\n\t\t\t\t\t\t<\/div>\n\t\t\t\t\t<\/div>\n\t\t<\/div>\n\t\t\t\t\t\t\t\t<\/div>\n\t\t\t\t\t<\/div>\n\t\t<\/section>\n\t\t\t\t\t\t\t\t\t<\/div>\n\t\t\t<\/div>\n\t\t\t\t\t<\/div>\n\t\t","protected":false},"excerpt":{"rendered":"<p>Varied enjoyment &#8211; just the way you like it We are not a vegetarian or vegan restaurant, but we always try to provide vegetarian\/vegan dishes on the menu for you. In addition, many dishes are also possible vegetarian , because the main components such as meat fish are added only at the end. Talk to [&hellip;]<\/p>\n","protected":false},"author":1,"featured_media":0,"parent":0,"menu_order":0,"comment_status":"closed","ping_status":"closed","template":"","meta":{"footnotes":""},"class_list":["post-1227","page","type-page","status-publish","hentry"],"yoast_head":"<!-- This site is optimized with the Yoast SEO plugin v27.4 - https:\/\/yoast.com\/product\/yoast-seo-wordpress\/ -->\n<title>Our menu - EssBar fein &amp; pfiffig - D\u00fcsseldorf<\/title>\n<meta name=\"robots\" content=\"index, follow, max-snippet:-1, max-image-preview:large, max-video-preview:-1\" \/>\n<link rel=\"canonical\" href=\"https:\/\/hm-essbar.de\/en\/our-menu\/\" \/>\n<meta property=\"og:locale\" content=\"en_US\" \/>\n<meta property=\"og:type\" content=\"article\" \/>\n<meta property=\"og:title\" content=\"Our menu - EssBar fein &amp; pfiffig - D\u00fcsseldorf\" \/>\n<meta property=\"og:description\" content=\"Varied enjoyment &#8211; just the way you like it We are not a vegetarian or vegan restaurant, but we always try to provide vegetarian\/vegan dishes on the menu for you. In addition, many dishes are also possible vegetarian , because the main components such as meat fish are added only at the end. Talk to [&hellip;]\" \/>\n<meta property=\"og:url\" content=\"https:\/\/hm-essbar.de\/en\/our-menu\/\" \/>\n<meta property=\"og:site_name\" content=\"EssBar fein &amp; pfiffig - D\u00fcsseldorf\" \/>\n<meta property=\"article:publisher\" content=\"https:\/\/www.facebook.com\/essbar.duesseldorf\" \/>\n<meta property=\"article:modified_time\" content=\"2026-04-12T14:02:04+00:00\" \/>\n<meta property=\"og:image\" content=\"https:\/\/hm-essbar.de\/wp-content\/uploads\/2023\/08\/Essbar-StephanSchaar-8-jpg.jpg\" \/>\n\t<meta property=\"og:image:width\" content=\"1280\" \/>\n\t<meta property=\"og:image:height\" content=\"853\" \/>\n\t<meta property=\"og:image:type\" content=\"image\/jpeg\" \/>\n<meta name=\"twitter:card\" content=\"summary_large_image\" \/>\n<meta name=\"twitter:label1\" content=\"Est. reading time\" \/>\n\t<meta name=\"twitter:data1\" content=\"1 minute\" \/>\n<script type=\"application\/ld+json\" class=\"yoast-schema-graph\">{\"@context\":\"https:\\\/\\\/schema.org\",\"@graph\":[{\"@type\":\"WebPage\",\"@id\":\"https:\\\/\\\/hm-essbar.de\\\/en\\\/our-menu\\\/\",\"url\":\"https:\\\/\\\/hm-essbar.de\\\/en\\\/our-menu\\\/\",\"name\":\"Our menu - EssBar fein &amp; pfiffig - D\u00fcsseldorf\",\"isPartOf\":{\"@id\":\"https:\\\/\\\/hm-essbar.de\\\/en\\\/#website\"},\"primaryImageOfPage\":{\"@id\":\"https:\\\/\\\/hm-essbar.de\\\/en\\\/our-menu\\\/#primaryimage\"},\"image\":{\"@id\":\"https:\\\/\\\/hm-essbar.de\\\/en\\\/our-menu\\\/#primaryimage\"},\"thumbnailUrl\":\"https:\\\/\\\/hm-essbar.de\\\/wp-content\\\/uploads\\\/2023\\\/08\\\/Essbar-StephanSchaar-8-jpg.jpg\",\"datePublished\":\"2023-09-06T14:16:53+00:00\",\"dateModified\":\"2026-04-12T14:02:04+00:00\",\"breadcrumb\":{\"@id\":\"https:\\\/\\\/hm-essbar.de\\\/en\\\/our-menu\\\/#breadcrumb\"},\"inLanguage\":\"en-US\",\"potentialAction\":[{\"@type\":\"ReadAction\",\"target\":[\"https:\\\/\\\/hm-essbar.de\\\/en\\\/our-menu\\\/\"]}]},{\"@type\":\"ImageObject\",\"inLanguage\":\"en-US\",\"@id\":\"https:\\\/\\\/hm-essbar.de\\\/en\\\/our-menu\\\/#primaryimage\",\"url\":\"https:\\\/\\\/hm-essbar.de\\\/wp-content\\\/uploads\\\/2023\\\/08\\\/Essbar-StephanSchaar-8-jpg.jpg\",\"contentUrl\":\"https:\\\/\\\/hm-essbar.de\\\/wp-content\\\/uploads\\\/2023\\\/08\\\/Essbar-StephanSchaar-8-jpg.jpg\"},{\"@type\":\"BreadcrumbList\",\"@id\":\"https:\\\/\\\/hm-essbar.de\\\/en\\\/our-menu\\\/#breadcrumb\",\"itemListElement\":[{\"@type\":\"ListItem\",\"position\":1,\"name\":\"Startseite\",\"item\":\"https:\\\/\\\/hm-essbar.de\\\/en\\\/homepage\\\/\"},{\"@type\":\"ListItem\",\"position\":2,\"name\":\"Our menu\"}]},{\"@type\":\"WebSite\",\"@id\":\"https:\\\/\\\/hm-essbar.de\\\/en\\\/#website\",\"url\":\"https:\\\/\\\/hm-essbar.de\\\/en\\\/\",\"name\":\"EssBar fein & pfiffig - D\u00fcsseldorf\",\"description\":\"Deutsche K\u00fcche in meiner N\u00e4he | Jetzt reservieren\",\"publisher\":{\"@id\":\"https:\\\/\\\/hm-essbar.de\\\/en\\\/#organization\"},\"potentialAction\":[{\"@type\":\"SearchAction\",\"target\":{\"@type\":\"EntryPoint\",\"urlTemplate\":\"https:\\\/\\\/hm-essbar.de\\\/en\\\/?s={search_term_string}\"},\"query-input\":{\"@type\":\"PropertyValueSpecification\",\"valueRequired\":true,\"valueName\":\"search_term_string\"}}],\"inLanguage\":\"en-US\"},{\"@type\":\"Organization\",\"@id\":\"https:\\\/\\\/hm-essbar.de\\\/en\\\/#organization\",\"name\":\"EssBar fein & pfiffig - D\u00fcsseldorf\",\"url\":\"https:\\\/\\\/hm-essbar.de\\\/en\\\/\",\"logo\":{\"@type\":\"ImageObject\",\"inLanguage\":\"en-US\",\"@id\":\"https:\\\/\\\/hm-essbar.de\\\/en\\\/#\\\/schema\\\/logo\\\/image\\\/\",\"url\":\"https:\\\/\\\/hm-essbar.de\\\/wp-content\\\/uploads\\\/2023\\\/08\\\/logo_EssBar_webseite_366x129_72dpi.jpg\",\"contentUrl\":\"https:\\\/\\\/hm-essbar.de\\\/wp-content\\\/uploads\\\/2023\\\/08\\\/logo_EssBar_webseite_366x129_72dpi.jpg\",\"width\":366,\"height\":129,\"caption\":\"EssBar fein & pfiffig - D\u00fcsseldorf\"},\"image\":{\"@id\":\"https:\\\/\\\/hm-essbar.de\\\/en\\\/#\\\/schema\\\/logo\\\/image\\\/\"},\"sameAs\":[\"https:\\\/\\\/www.facebook.com\\\/essbar.duesseldorf\",\"https:\\\/\\\/guide.michelin.com\\\/de\\\/de\\\/nordrhein-westfalen\\\/dusseldorf\\\/restaurant\\\/essbar\",\"https:\\\/\\\/www.tripadvisor.de\\\/Restaurant_Review-g187373-d2614456-Reviews-EssBar_fein_pfiffig-Dusseldorf_North_Rhine_Westphalia.html\",\"https:\\\/\\\/www.instagram.com\\\/essbarfeinundpfiffig\"]}]}<\/script>\n<!-- \/ Yoast SEO plugin. -->","yoast_head_json":{"title":"Our menu - EssBar fein &amp; pfiffig - D\u00fcsseldorf","robots":{"index":"index","follow":"follow","max-snippet":"max-snippet:-1","max-image-preview":"max-image-preview:large","max-video-preview":"max-video-preview:-1"},"canonical":"https:\/\/hm-essbar.de\/en\/our-menu\/","og_locale":"en_US","og_type":"article","og_title":"Our menu - EssBar fein &amp; pfiffig - D\u00fcsseldorf","og_description":"Varied enjoyment &#8211; just the way you like it We are not a vegetarian or vegan restaurant, but we always try to provide vegetarian\/vegan dishes on the menu for you. In addition, many dishes are also possible vegetarian , because the main components such as meat fish are added only at the end. Talk to [&hellip;]","og_url":"https:\/\/hm-essbar.de\/en\/our-menu\/","og_site_name":"EssBar fein &amp; pfiffig - D\u00fcsseldorf","article_publisher":"https:\/\/www.facebook.com\/essbar.duesseldorf","article_modified_time":"2026-04-12T14:02:04+00:00","og_image":[{"width":1280,"height":853,"url":"https:\/\/hm-essbar.de\/wp-content\/uploads\/2023\/08\/Essbar-StephanSchaar-8-jpg.jpg","type":"image\/jpeg"}],"twitter_card":"summary_large_image","twitter_misc":{"Est. reading time":"1 minute"},"schema":{"@context":"https:\/\/schema.org","@graph":[{"@type":"WebPage","@id":"https:\/\/hm-essbar.de\/en\/our-menu\/","url":"https:\/\/hm-essbar.de\/en\/our-menu\/","name":"Our menu - EssBar fein &amp; pfiffig - D\u00fcsseldorf","isPartOf":{"@id":"https:\/\/hm-essbar.de\/en\/#website"},"primaryImageOfPage":{"@id":"https:\/\/hm-essbar.de\/en\/our-menu\/#primaryimage"},"image":{"@id":"https:\/\/hm-essbar.de\/en\/our-menu\/#primaryimage"},"thumbnailUrl":"https:\/\/hm-essbar.de\/wp-content\/uploads\/2023\/08\/Essbar-StephanSchaar-8-jpg.jpg","datePublished":"2023-09-06T14:16:53+00:00","dateModified":"2026-04-12T14:02:04+00:00","breadcrumb":{"@id":"https:\/\/hm-essbar.de\/en\/our-menu\/#breadcrumb"},"inLanguage":"en-US","potentialAction":[{"@type":"ReadAction","target":["https:\/\/hm-essbar.de\/en\/our-menu\/"]}]},{"@type":"ImageObject","inLanguage":"en-US","@id":"https:\/\/hm-essbar.de\/en\/our-menu\/#primaryimage","url":"https:\/\/hm-essbar.de\/wp-content\/uploads\/2023\/08\/Essbar-StephanSchaar-8-jpg.jpg","contentUrl":"https:\/\/hm-essbar.de\/wp-content\/uploads\/2023\/08\/Essbar-StephanSchaar-8-jpg.jpg"},{"@type":"BreadcrumbList","@id":"https:\/\/hm-essbar.de\/en\/our-menu\/#breadcrumb","itemListElement":[{"@type":"ListItem","position":1,"name":"Startseite","item":"https:\/\/hm-essbar.de\/en\/homepage\/"},{"@type":"ListItem","position":2,"name":"Our menu"}]},{"@type":"WebSite","@id":"https:\/\/hm-essbar.de\/en\/#website","url":"https:\/\/hm-essbar.de\/en\/","name":"EssBar fein & pfiffig - D\u00fcsseldorf","description":"Deutsche K\u00fcche in meiner N\u00e4he | Jetzt reservieren","publisher":{"@id":"https:\/\/hm-essbar.de\/en\/#organization"},"potentialAction":[{"@type":"SearchAction","target":{"@type":"EntryPoint","urlTemplate":"https:\/\/hm-essbar.de\/en\/?s={search_term_string}"},"query-input":{"@type":"PropertyValueSpecification","valueRequired":true,"valueName":"search_term_string"}}],"inLanguage":"en-US"},{"@type":"Organization","@id":"https:\/\/hm-essbar.de\/en\/#organization","name":"EssBar fein & pfiffig - D\u00fcsseldorf","url":"https:\/\/hm-essbar.de\/en\/","logo":{"@type":"ImageObject","inLanguage":"en-US","@id":"https:\/\/hm-essbar.de\/en\/#\/schema\/logo\/image\/","url":"https:\/\/hm-essbar.de\/wp-content\/uploads\/2023\/08\/logo_EssBar_webseite_366x129_72dpi.jpg","contentUrl":"https:\/\/hm-essbar.de\/wp-content\/uploads\/2023\/08\/logo_EssBar_webseite_366x129_72dpi.jpg","width":366,"height":129,"caption":"EssBar fein & pfiffig - D\u00fcsseldorf"},"image":{"@id":"https:\/\/hm-essbar.de\/en\/#\/schema\/logo\/image\/"},"sameAs":["https:\/\/www.facebook.com\/essbar.duesseldorf","https:\/\/guide.michelin.com\/de\/de\/nordrhein-westfalen\/dusseldorf\/restaurant\/essbar","https:\/\/www.tripadvisor.de\/Restaurant_Review-g187373-d2614456-Reviews-EssBar_fein_pfiffig-Dusseldorf_North_Rhine_Westphalia.html","https:\/\/www.instagram.com\/essbarfeinundpfiffig"]}]}},"_links":{"self":[{"href":"https:\/\/hm-essbar.de\/en\/wp-json\/wp\/v2\/pages\/1227","targetHints":{"allow":["GET"]}}],"collection":[{"href":"https:\/\/hm-essbar.de\/en\/wp-json\/wp\/v2\/pages"}],"about":[{"href":"https:\/\/hm-essbar.de\/en\/wp-json\/wp\/v2\/types\/page"}],"author":[{"embeddable":true,"href":"https:\/\/hm-essbar.de\/en\/wp-json\/wp\/v2\/users\/1"}],"replies":[{"embeddable":true,"href":"https:\/\/hm-essbar.de\/en\/wp-json\/wp\/v2\/comments?post=1227"}],"version-history":[{"count":70,"href":"https:\/\/hm-essbar.de\/en\/wp-json\/wp\/v2\/pages\/1227\/revisions"}],"predecessor-version":[{"id":2225,"href":"https:\/\/hm-essbar.de\/en\/wp-json\/wp\/v2\/pages\/1227\/revisions\/2225"}],"wp:attachment":[{"href":"https:\/\/hm-essbar.de\/en\/wp-json\/wp\/v2\/media?parent=1227"}],"curies":[{"name":"wp","href":"https:\/\/api.w.org\/{rel}","templated":true}]}}